{"id":4098,"date":"2021-01-08T13:28:21","date_gmt":"2021-01-08T13:28:21","guid":{"rendered":"https:\/\/jornalemfoco.online\/?page_id=4098"},"modified":"2021-01-13T15:31:24","modified_gmt":"2021-01-13T18:31:24","slug":"politica-de-cookies","status":"publish","type":"page","link":"https:\/\/jornalemfoco.online\/it\/politica-de-cookies\/","title":{"rendered":"Gestione dei Cookie"},"content":{"rendered":"<div class=\"cli_pg_page_contaner\">\n<h3>Informazioni su questa politica sui cookie<\/h3>\n<div>\n<p>La presente Politica sui cookie spiega cosa sono i cookie e come li utilizziamo, i tipi di cookie che utilizziamo, ovvero le informazioni che raccogliamo utilizzando i cookie e come queste informazioni vengono utilizzate e come controllare le preferenze sui cookie. Per ulteriori informazioni su come utilizziamo, archiviamo e manteniamo sicuri i tuoi dati personali, consulta la nostra <a href=\"https:\/\/jornalemfoco.online\/it\/politica-de-privacidade\/\">politica sulla riservatezza<\/a>.<\/p>\n<p>Il tuo consenso si applica ai seguenti domini:<span style=\"color: #3366ff;\"> giornaleemfoco.online<\/span><\/p>\n<\/div>\n<h3>Cosa sono i cookie?<\/h3>\n<div>I cookie sono piccoli file di testo utilizzati per memorizzare piccole informazioni. Vengono memorizzati sul tuo dispositivo quando il sito web viene caricato nel tuo browser. Questi cookie ci aiutano a far funzionare correttamente il sito web, renderlo pi\u00f9 sicuro, fornire una migliore esperienza utente e capire come funziona il sito web e analizzare cosa funziona e dove necessita di miglioramenti. Questo piccolo file verr\u00e0 archiviato sul tuo computer fino alla scadenza.<\/div>\n<h3>Come utilizziamo i cookie?<\/h3>\n<div>Come la maggior parte dei servizi online, il nostro sito Web utilizza cookie proprietari e di terze parti per vari scopi.<\/div>\n<div><\/div>\n<div>Voi <strong>cookie di prima parte<\/strong> sono principalmente necessari per il corretto funzionamento del sito web e non raccolgono nessuno dei tuoi dati personali identificabili. Alcuni cookie verranno inseriti sul tuo dispositivo direttamente dal nostro sito web \u2013 questi sono i cosiddetti\u00a0<strong>cookie di prima parte<\/strong>. Sono essenziali per navigare nel sito web e utilizzare le sue funzionalit\u00e0.<\/div>\n<div><\/div>\n<div>Voi <strong>cookie di terze parti<\/strong> utilizzati sul nostro sito Web servono principalmente per comprendere come funziona il sito Web, come interagisci con il nostro sito Web, mantenendo i nostri servizi sicuri, fornendo pubblicit\u00e0 pertinenti per te e, in breve, consentendoti di essere un utente migliore migliorando la tua esperienza e aiutandoti velocizzare le tue future interazioni con il nostro sito web. Questi cookie vengono inseriti sul tuo dispositivo non dal sito web che stai visitando, ma <strong>da terzi<\/strong>, come, ad esempio, i sistemi analitici.<\/div>\n<h3>Quali tipi di cookie utilizziamo?<\/h3>\n<div>\n<p><strong>Essenziale:<\/strong> Alcuni cookie sono essenziali affinch\u00e9 tu possa sperimentare la piena funzionalit\u00e0 del nostro sito web. Ci consentono di mantenere le sessioni utente e prevenire qualsiasi minaccia alla sicurezza. Non raccolgono n\u00e9 memorizzano alcuna informazione personale. Ad esempio, questi cookie ti consentono di accedere al tuo account, aggiungere prodotti al carrello ed effettuare il pagamento in modo sicuro.<\/p>\n<p><strong>Statistiche:<\/strong> Questi cookie memorizzano informazioni come il numero di visitatori del sito web, il numero di visitatori unici, quali pagine del sito web sono state visitate, l&#039;origine della visita, ecc. Questi dati ci aiutano a comprendere e analizzare le prestazioni del sito Web e dove necessita di miglioramenti.<\/p>\n<p><strong>Marketing:<\/strong> Il nostro sito web visualizza annunci pubblicitari. Questi cookie vengono utilizzati per personalizzare gli annunci pubblicitari che ti mostriamo in modo che siano significativi. Questi cookie ci aiutano anche a monitorare l&#039;efficacia di queste campagne pubblicitarie.<\/p>\n<p>Le informazioni memorizzate in questi cookie possono essere utilizzate anche da fornitori di annunci di terze parti per visualizzare annunci pubblicitari anche su altri siti Web nel browser.<\/p>\n<p><strong>Funzionale:<\/strong> Si tratta di cookie che supportano alcune funzionalit\u00e0 non essenziali sul nostro sito web. Queste funzionalit\u00e0 includono l&#039;incorporamento di contenuti come video o la condivisione di contenuti del sito Web su piattaforme di social media.<\/p>\n<p><strong>Preferenze:<\/strong> Questi cookie ci aiutano a memorizzare le tue impostazioni e preferenze di navigazione, come le preferenze della lingua, in modo che tu possa avere un&#039;esperienza migliore ed efficiente nelle future visite al sito web.<\/p>\n<\/div>\n<h3>Come posso controllare le preferenze sui cookie?<\/h3>\n<p>Se decidi di modificare le tue preferenze successivamente durante la sessione di navigazione, puoi disabilitarle modificando le impostazioni del browser, <strong>ma tieni presente che ci\u00f2 potrebbe influire sul funzionamento del sito web<\/strong>. Inoltre, browser diversi forniscono metodi diversi per bloccare e\/o eliminare i cookie utilizzati dal sito. Puoi modificare le impostazioni del tuo browser per bloccare o eliminare i cookie. Per saperne di pi\u00f9 sulla gestione e l&#039;eliminazione dei cookie, visitare:<\/p>\n<div><a href=\"https:\/\/support.google.com\/chrome\/answer\/95647?co=GENIE.Platform%3DDesktop&amp;hl=pt-BR\" target=\"_blank\" rel=\"noopener\">Cromo<\/a><\/div>\n<div><\/div>\n<div><a href=\"https:\/\/support.mozilla.org\/pt-BR\/kb\/desative-cookies-terceiros-impedir-rastreamento\" target=\"_blank\" rel=\"noopener\">Firefox<\/a><\/div>\n<div><\/div>\n<div><a href=\"https:\/\/support.microsoft.com\/pt-br\/help\/4027947\/microsoft-edge-delete-cookies\" target=\"_blank\" rel=\"noopener\">Microsoft Bordo<\/a><\/div>\n<div><\/div>\n<div><a href=\"https:\/\/support.microsoft.com\/pt-br\/help\/17442\/windows-internet-explorer-delete-manage-cookies\" target=\"_blank\" rel=\"noopener\">Internet Explorer<\/a><\/div>\n<\/div>\n<div><\/div>\n<div><\/div>\n<div><\/div>\n<p>&nbsp;<\/p>\n<div>Se vuoi conoscere maggiori informazioni sui cookie di terze parti che utilizziamo, visita il link sottostante:<\/div>\n<p>&nbsp;<\/p>\n<div><a href=\"https:\/\/policies.google.com\/technologies\/cookies\" target=\"_blank\" rel=\"noopener\">statistiche di Google<\/a><\/div>","protected":false},"excerpt":{"rendered":"<p>Informazioni sulla politica sui cookie La presente Politica sui cookie spiega cosa sono i cookie e come li utilizziamo, i tipi di cookie che utilizziamo, ovvero le informazioni che raccogliamo utilizzando i cookie e come queste informazioni vengono utilizzate e come controllare le preferenze sui cookie. Per ulteriori informazioni su come utilizziamo, archiviamo e manteniamo... <a title=\"Gestione dei Cookie\" class=\"read-more\" href=\"https:\/\/jornalemfoco.online\/it\/politica-de-cookies\/\" aria-label=\"Si prega di notare la politica sui cookie\">Continua a leggere\u2026<\/a><\/p>","protected":false},"author":78,"featured_media":0,"parent":0,"menu_order":0,"comment_status":"closed","ping_status":"closed","template":"","meta":{"_acf_changed":false,"footnotes":""},"acf":[],"yoast_head":"<!-- This site is optimized with the Yoast SEO plugin v24.2 - https:\/\/yoast.com\/wordpress\/plugins\/seo\/ -->\n<title>Politica de Cookies - jornalemfoco.online<\/title>\n<meta name=\"robots\" content=\"index, follow, max-snippet:-1, max-image-preview:large, max-video-preview:-1\" \/>\n<link rel=\"canonical\" href=\"https:\/\/jornalemfoco.online\/it\/politica-de-cookies\/\" \/>\n<meta property=\"og:locale\" content=\"it_IT\" \/>\n<meta property=\"og:type\" content=\"article\" \/>\n<meta property=\"og:title\" content=\"Politica de Cookies - jornalemfoco.online\" \/>\n<meta property=\"og:description\" content=\"Sobre esta pol\u00edtica de cookies Esta Pol\u00edtica de Cookies explica o que s\u00e3o cookies e como os usamos, os tipos de cookies que usamos, ou seja, as informa\u00e7\u00f5es que coletamos usando cookies e como essas informa\u00e7\u00f5es s\u00e3o usadas e como controlar as prefer\u00eancias de cookies. Para obter mais informa\u00e7\u00f5es sobre como usamos, armazenamos e mantemos ... Continue lendo...\" \/>\n<meta property=\"og:url\" content=\"https:\/\/jornalemfoco.online\/it\/politica-de-cookies\/\" \/>\n<meta property=\"og:site_name\" content=\"jornalemfoco.online\" \/>\n<meta property=\"article:modified_time\" content=\"2021-01-13T18:31:24+00:00\" \/>\n<meta name=\"twitter:card\" content=\"summary_large_image\" \/>\n<meta name=\"twitter:label1\" content=\"Tempo di lettura stimato\" \/>\n\t<meta name=\"twitter:data1\" content=\"3 minuti\" \/>\n<script type=\"application\/ld+json\" class=\"yoast-schema-graph\">{\"@context\":\"https:\/\/schema.org\",\"@graph\":[{\"@type\":\"WebPage\",\"@id\":\"https:\/\/jornalemfoco.online\/politica-de-cookies\/\",\"url\":\"https:\/\/jornalemfoco.online\/politica-de-cookies\/\",\"name\":\"Politica de Cookies - jornalemfoco.online\",\"isPartOf\":{\"@id\":\"https:\/\/jornalemfoco.online\/#website\"},\"datePublished\":\"2021-01-08T13:28:21+00:00\",\"dateModified\":\"2021-01-13T18:31:24+00:00\",\"breadcrumb\":{\"@id\":\"https:\/\/jornalemfoco.online\/politica-de-cookies\/#breadcrumb\"},\"inLanguage\":\"it-IT\",\"potentialAction\":[{\"@type\":\"ReadAction\",\"target\":[\"https:\/\/jornalemfoco.online\/politica-de-cookies\/\"]}]},{\"@type\":\"BreadcrumbList\",\"@id\":\"https:\/\/jornalemfoco.online\/politica-de-cookies\/#breadcrumb\",\"itemListElement\":[{\"@type\":\"ListItem\",\"position\":1,\"name\":\"In\u00edcio\",\"item\":\"https:\/\/jornalemfoco.online\/\"},{\"@type\":\"ListItem\",\"position\":2,\"name\":\"Politica de Cookies\"}]},{\"@type\":\"WebSite\",\"@id\":\"https:\/\/jornalemfoco.online\/#website\",\"url\":\"https:\/\/jornalemfoco.online\/\",\"name\":\"jornalemfoco.online\",\"description\":\"\",\"publisher\":{\"@id\":\"https:\/\/jornalemfoco.online\/#organization\"},\"potentialAction\":[{\"@type\":\"SearchAction\",\"target\":{\"@type\":\"EntryPoint\",\"urlTemplate\":\"https:\/\/jornalemfoco.online\/?s={search_term_string}\"},\"query-input\":{\"@type\":\"PropertyValueSpecification\",\"valueRequired\":true,\"valueName\":\"search_term_string\"}}],\"inLanguage\":\"it-IT\"},{\"@type\":\"Organization\",\"@id\":\"https:\/\/jornalemfoco.online\/#organization\",\"name\":\"jornalemfoco.online\",\"url\":\"https:\/\/jornalemfoco.online\/\",\"logo\":{\"@type\":\"ImageObject\",\"inLanguage\":\"it-IT\",\"@id\":\"https:\/\/jornalemfoco.online\/#\/schema\/logo\/image\/\",\"url\":\"https:\/\/jornalemfoco.online\/wp-content\/uploads\/2023\/07\/LOGO.png\",\"contentUrl\":\"https:\/\/jornalemfoco.online\/wp-content\/uploads\/2023\/07\/LOGO.png\",\"width\":3334,\"height\":1072,\"caption\":\"jornalemfoco.online\"},\"image\":{\"@id\":\"https:\/\/jornalemfoco.online\/#\/schema\/logo\/image\/\"}}]}<\/script>\n<!-- \/ Yoast SEO plugin. -->","yoast_head_json":{"title":"Politica de Cookies - jornalemfoco.online","robots":{"index":"index","follow":"follow","max-snippet":"max-snippet:-1","max-image-preview":"max-image-preview:large","max-video-preview":"max-video-preview:-1"},"canonical":"https:\/\/jornalemfoco.online\/it\/politica-de-cookies\/","og_locale":"it_IT","og_type":"article","og_title":"Politica de Cookies - jornalemfoco.online","og_description":"Sobre esta pol\u00edtica de cookies Esta Pol\u00edtica de Cookies explica o que s\u00e3o cookies e como os usamos, os tipos de cookies que usamos, ou seja, as informa\u00e7\u00f5es que coletamos usando cookies e como essas informa\u00e7\u00f5es s\u00e3o usadas e como controlar as prefer\u00eancias de cookies. Para obter mais informa\u00e7\u00f5es sobre como usamos, armazenamos e mantemos ... Continue lendo...","og_url":"https:\/\/jornalemfoco.online\/it\/politica-de-cookies\/","og_site_name":"jornalemfoco.online","article_modified_time":"2021-01-13T18:31:24+00:00","twitter_card":"summary_large_image","twitter_misc":{"Tempo di lettura stimato":"3 minuti"},"schema":{"@context":"https:\/\/schema.org","@graph":[{"@type":"WebPage","@id":"https:\/\/jornalemfoco.online\/politica-de-cookies\/","url":"https:\/\/jornalemfoco.online\/politica-de-cookies\/","name":"Politica de Cookies - jornalemfoco.online","isPartOf":{"@id":"https:\/\/jornalemfoco.online\/#website"},"datePublished":"2021-01-08T13:28:21+00:00","dateModified":"2021-01-13T18:31:24+00:00","breadcrumb":{"@id":"https:\/\/jornalemfoco.online\/politica-de-cookies\/#breadcrumb"},"inLanguage":"it-IT","potentialAction":[{"@type":"ReadAction","target":["https:\/\/jornalemfoco.online\/politica-de-cookies\/"]}]},{"@type":"BreadcrumbList","@id":"https:\/\/jornalemfoco.online\/politica-de-cookies\/#breadcrumb","itemListElement":[{"@type":"ListItem","position":1,"name":"In\u00edcio","item":"https:\/\/jornalemfoco.online\/"},{"@type":"ListItem","position":2,"name":"Politica de Cookies"}]},{"@type":"WebSite","@id":"https:\/\/jornalemfoco.online\/#website","url":"https:\/\/jornalemfoco.online\/","name":"jornalemfoco.online","description":"","publisher":{"@id":"https:\/\/jornalemfoco.online\/#organization"},"potentialAction":[{"@type":"SearchAction","target":{"@type":"EntryPoint","urlTemplate":"https:\/\/jornalemfoco.online\/?s={search_term_string}"},"query-input":{"@type":"PropertyValueSpecification","valueRequired":true,"valueName":"search_term_string"}}],"inLanguage":"it-IT"},{"@type":"Organization","@id":"https:\/\/jornalemfoco.online\/#organization","name":"jornalemfoco.online","url":"https:\/\/jornalemfoco.online\/","logo":{"@type":"ImageObject","inLanguage":"it-IT","@id":"https:\/\/jornalemfoco.online\/#\/schema\/logo\/image\/","url":"https:\/\/jornalemfoco.online\/wp-content\/uploads\/2023\/07\/LOGO.png","contentUrl":"https:\/\/jornalemfoco.online\/wp-content\/uploads\/2023\/07\/LOGO.png","width":3334,"height":1072,"caption":"jornalemfoco.online"},"image":{"@id":"https:\/\/jornalemfoco.online\/#\/schema\/logo\/image\/"}}]}},"_links":{"self":[{"href":"https:\/\/jornalemfoco.online\/it\/wp-json\/wp\/v2\/pages\/4098"}],"collection":[{"href":"https:\/\/jornalemfoco.online\/it\/wp-json\/wp\/v2\/pages"}],"about":[{"href":"https:\/\/jornalemfoco.online\/it\/wp-json\/wp\/v2\/types\/page"}],"author":[{"embeddable":true,"href":"https:\/\/jornalemfoco.online\/it\/wp-json\/wp\/v2\/users\/78"}],"replies":[{"embeddable":true,"href":"https:\/\/jornalemfoco.online\/it\/wp-json\/wp\/v2\/comments?post=4098"}],"version-history":[{"count":0,"href":"https:\/\/jornalemfoco.online\/it\/wp-json\/wp\/v2\/pages\/4098\/revisions"}],"wp:attachment":[{"href":"https:\/\/jornalemfoco.online\/it\/wp-json\/wp\/v2\/media?parent=4098"}],"curies":[{"name":"wp","href":"https:\/\/api.w.org\/{rel}","templated":true}]}}