{"id":4098,"date":"2021-01-08T13:28:21","date_gmt":"2021-01-08T13:28:21","guid":{"rendered":"https:\/\/jornalemfoco.online\/?page_id=4098"},"modified":"2021-01-13T15:31:24","modified_gmt":"2021-01-13T18:31:24","slug":"politica-de-cookies","status":"publish","type":"page","link":"https:\/\/jornalemfoco.online\/es_mx\/politica-de-cookies\/","title":{"rendered":"Pol\u00edtica de cookies"},"content":{"rendered":"<div class=\"cli_pg_page_contaner\">\n<h3>Acerca de esta pol\u00edtica de cookies<\/h3>\n<div>\n<p>Esta Pol\u00edtica de cookies explica qu\u00e9 son las cookies y c\u00f3mo las utilizamos, los tipos de cookies que utilizamos, es decir, la informaci\u00f3n que recopilamos mediante cookies y c\u00f3mo se utiliza esta informaci\u00f3n, y c\u00f3mo controlar las preferencias de cookies. Para obtener m\u00e1s informaci\u00f3n sobre c\u00f3mo utilizamos, almacenamos y mantenemos seguros sus datos personales, consulte nuestra <a href=\"https:\/\/jornalemfoco.online\/es_mx\/politica-de-privacidade\/\">Pol\u00edtica de privacidad<\/a>.<\/p>\n<p>Su consentimiento se aplica a los siguientes dominios:<span style=\"color: #3366ff;\"> peri\u00f3dicoemfoco.online<\/span><\/p>\n<\/div>\n<h3>\u00bfQu\u00e9 son las galletas?<\/h3>\n<div>Las cookies son peque\u00f1os archivos de texto que se utilizan para almacenar peque\u00f1os fragmentos de informaci\u00f3n. Se almacenan en su dispositivo cuando el sitio web se carga en su navegador. Estas cookies nos ayudan a que el sitio web funcione correctamente, hacerlo m\u00e1s seguro, brindar una mejor experiencia de usuario y comprender c\u00f3mo funciona el sitio web y analizar qu\u00e9 funciona y d\u00f3nde necesita mejorar. Este peque\u00f1o archivo se almacenar\u00e1 en su computadora hasta que caduque.<\/div>\n<h3>C\u00f3mo usamos las cookies?<\/h3>\n<div>Como la mayor\u00eda de los servicios en l\u00ednea, nuestro sitio web utiliza cookies propias y de terceros para diversos fines.<\/div>\n<div><\/div>\n<div>T\u00fa <strong>cookies propias<\/strong> son principalmente necesarios para que el sitio web funcione correctamente y no recopilan ninguno de sus datos de identificaci\u00f3n personal. Nuestro sitio web colocar\u00e1 algunas cookies en su dispositivo directamente; se conocen como\u00a0<strong>cookies propias<\/strong>. Son esenciales para navegar por el sitio web y utilizar sus funciones.<\/div>\n<div><\/div>\n<div>T\u00fa <strong>cookies de terceros<\/strong> utilizados en nuestro sitio web son principalmente para comprender c\u00f3mo funciona el sitio web, c\u00f3mo interact\u00faa con nuestro sitio web, mantener seguros nuestros servicios, proporcionar anuncios que sean relevantes para usted y, en resumen, permitirle ser un mejor usuario al mejorar su experiencia y ayudar. acelerar sus futuras interacciones con nuestro sitio web. Estas cookies no las coloca en su dispositivo el sitio web que est\u00e1 visitando, sino <strong>por terceros<\/strong>, como por ejemplo los sistemas anal\u00edticos.<\/div>\n<h3>\u00bfQu\u00e9 tipos de cookies utilizamos?<\/h3>\n<div>\n<p><strong>B\u00e1sico:<\/strong> Algunas cookies son esenciales para que pueda experimentar la funcionalidad completa de nuestro sitio web. Nos permiten mantener las sesiones de los usuarios y prevenir cualquier amenaza a la seguridad. No recopilan ni almacenan ninguna informaci\u00f3n personal. Por ejemplo, estas cookies le permiten iniciar sesi\u00f3n en su cuenta, agregar productos a su carrito y realizar el pago de forma segura.<\/p>\n<p><strong>Estad\u00edsticas:<\/strong> Estas cookies almacenan informaci\u00f3n como el n\u00famero de visitantes del sitio web, el n\u00famero de visitantes \u00fanicos, qu\u00e9 p\u00e1ginas del sitio web fueron visitadas, el origen de la visita, etc. Estos datos nos ayudan a comprender y analizar c\u00f3mo se est\u00e1 desempe\u00f1ando el sitio web y d\u00f3nde necesita mejorar.<\/p>\n<p><strong>Marketing:<\/strong> Nuestro sitio web muestra anuncios. Estas cookies se utilizan para personalizar los anuncios que le mostramos para que sean significativos. Estas cookies tambi\u00e9n nos ayudan a rastrear la efectividad de estas campa\u00f1as publicitarias.<\/p>\n<p>La informaci\u00f3n almacenada en estas cookies tambi\u00e9n puede ser utilizada por proveedores de publicidad externos para mostrar anuncios en otros sitios web en el navegador.<\/p>\n<p><strong>Funcional:<\/strong> Estas son cookies que admiten ciertas funcionalidades no esenciales en nuestro sitio web. Estas funcionalidades incluyen incrustar contenido como videos o compartir contenido de sitios web en plataformas de redes sociales.<\/p>\n<p><strong>Preferencias:<\/strong> Estas cookies nos ayudan a almacenar su configuraci\u00f3n y preferencias de navegaci\u00f3n, como las preferencias de idioma, para que tenga una experiencia mejor y m\u00e1s eficiente en futuras visitas al sitio web.<\/p>\n<\/div>\n<h3>\u00bfC\u00f3mo puedo controlar las preferencias de cookies?<\/h3>\n<p>Si decide cambiar sus preferencias m\u00e1s adelante durante su sesi\u00f3n de navegaci\u00f3n, puede desactivarlas cambiando la configuraci\u00f3n de su navegador. <strong>pero tenga en cuenta que esto puede afectar el funcionamiento del sitio web<\/strong>. Adem\u00e1s, diferentes navegadores ofrecen diferentes m\u00e9todos para bloquear y\/o eliminar las cookies utilizadas por el sitio web. Puede cambiar la configuraci\u00f3n de su navegador para bloquear o eliminar las cookies. Para obtener m\u00e1s informaci\u00f3n sobre c\u00f3mo administrar y eliminar cookies, visite:<\/p>\n<div><a href=\"https:\/\/support.google.com\/chrome\/answer\/95647?co=GENIE.Platform%3DDesktop&amp;hl=pt-BR\" target=\"_blank\" rel=\"noopener\">Cromo<\/a><\/div>\n<div><\/div>\n<div><a href=\"https:\/\/support.mozilla.org\/pt-BR\/kb\/desative-cookies-terceiros-impedir-rastreamento\" target=\"_blank\" rel=\"noopener\">Firefox<\/a><\/div>\n<div><\/div>\n<div><a href=\"https:\/\/support.microsoft.com\/pt-br\/help\/4027947\/microsoft-edge-delete-cookies\" target=\"_blank\" rel=\"noopener\">Borde de Microsoft<\/a><\/div>\n<div><\/div>\n<div><a href=\"https:\/\/support.microsoft.com\/pt-br\/help\/17442\/windows-internet-explorer-delete-manage-cookies\" target=\"_blank\" rel=\"noopener\">explorador de Internet<\/a><\/div>\n<\/div>\n<div><\/div>\n<div><\/div>\n<div><\/div>\n<p>&nbsp;<\/p>\n<div>Si desea conocer m\u00e1s informaci\u00f3n sobre las cookies de terceros que utilizamos, visite el siguiente enlace:<\/div>\n<p>&nbsp;<\/p>\n<div><a href=\"https:\/\/policies.google.com\/technologies\/cookies\" target=\"_blank\" rel=\"noopener\">Google analitico<\/a><\/div>","protected":false},"excerpt":{"rendered":"<p>Acerca de esta pol\u00edtica de cookies Esta Pol\u00edtica de Cookies explica qu\u00e9 son las cookies y c\u00f3mo las utilizamos, los tipos de cookies que utilizamos, es decir, la informaci\u00f3n que recopilamos utilizando las cookies y c\u00f3mo se utiliza esta informaci\u00f3n, y c\u00f3mo controlar las preferencias de las cookies. Para obtener m\u00e1s informaci\u00f3n sobre c\u00f3mo usamos, almacenamos y mantenemos... <a title=\"Pol\u00edtica de cookies\" class=\"read-more\" href=\"https:\/\/jornalemfoco.online\/es_mx\/politica-de-cookies\/\" aria-label=\"Leer m\u00e1s sobre la Pol\u00edtica de Cookies\">Sigue leyendo\u2026<\/a><\/p>","protected":false},"author":78,"featured_media":0,"parent":0,"menu_order":0,"comment_status":"closed","ping_status":"closed","template":"","meta":{"_acf_changed":false,"footnotes":""},"acf":[],"yoast_head":"<!-- This site is optimized with the Yoast SEO plugin v24.2 - https:\/\/yoast.com\/wordpress\/plugins\/seo\/ -->\n<title>Politica de Cookies - jornalemfoco.online<\/title>\n<meta name=\"robots\" content=\"index, follow, max-snippet:-1, max-image-preview:large, max-video-preview:-1\" \/>\n<link rel=\"canonical\" href=\"https:\/\/jornalemfoco.online\/es_mx\/politica-de-cookies\/\" \/>\n<meta property=\"og:locale\" content=\"es_MX\" \/>\n<meta property=\"og:type\" content=\"article\" \/>\n<meta property=\"og:title\" content=\"Politica de Cookies - jornalemfoco.online\" \/>\n<meta property=\"og:description\" content=\"Sobre esta pol\u00edtica de cookies Esta Pol\u00edtica de Cookies explica o que s\u00e3o cookies e como os usamos, os tipos de cookies que usamos, ou seja, as informa\u00e7\u00f5es que coletamos usando cookies e como essas informa\u00e7\u00f5es s\u00e3o usadas e como controlar as prefer\u00eancias de cookies. Para obter mais informa\u00e7\u00f5es sobre como usamos, armazenamos e mantemos ... Continue lendo...\" \/>\n<meta property=\"og:url\" content=\"https:\/\/jornalemfoco.online\/es_mx\/politica-de-cookies\/\" \/>\n<meta property=\"og:site_name\" content=\"jornalemfoco.online\" \/>\n<meta property=\"article:modified_time\" content=\"2021-01-13T18:31:24+00:00\" \/>\n<meta name=\"twitter:card\" content=\"summary_large_image\" \/>\n<meta name=\"twitter:label1\" content=\"Tiempo de lectura\" \/>\n\t<meta name=\"twitter:data1\" content=\"3 minutos\" \/>\n<script type=\"application\/ld+json\" class=\"yoast-schema-graph\">{\"@context\":\"https:\/\/schema.org\",\"@graph\":[{\"@type\":\"WebPage\",\"@id\":\"https:\/\/jornalemfoco.online\/politica-de-cookies\/\",\"url\":\"https:\/\/jornalemfoco.online\/politica-de-cookies\/\",\"name\":\"Politica de Cookies - jornalemfoco.online\",\"isPartOf\":{\"@id\":\"https:\/\/jornalemfoco.online\/#website\"},\"datePublished\":\"2021-01-08T13:28:21+00:00\",\"dateModified\":\"2021-01-13T18:31:24+00:00\",\"breadcrumb\":{\"@id\":\"https:\/\/jornalemfoco.online\/politica-de-cookies\/#breadcrumb\"},\"inLanguage\":\"es\",\"potentialAction\":[{\"@type\":\"ReadAction\",\"target\":[\"https:\/\/jornalemfoco.online\/politica-de-cookies\/\"]}]},{\"@type\":\"BreadcrumbList\",\"@id\":\"https:\/\/jornalemfoco.online\/politica-de-cookies\/#breadcrumb\",\"itemListElement\":[{\"@type\":\"ListItem\",\"position\":1,\"name\":\"In\u00edcio\",\"item\":\"https:\/\/jornalemfoco.online\/\"},{\"@type\":\"ListItem\",\"position\":2,\"name\":\"Politica de Cookies\"}]},{\"@type\":\"WebSite\",\"@id\":\"https:\/\/jornalemfoco.online\/#website\",\"url\":\"https:\/\/jornalemfoco.online\/\",\"name\":\"jornalemfoco.online\",\"description\":\"\",\"publisher\":{\"@id\":\"https:\/\/jornalemfoco.online\/#organization\"},\"potentialAction\":[{\"@type\":\"SearchAction\",\"target\":{\"@type\":\"EntryPoint\",\"urlTemplate\":\"https:\/\/jornalemfoco.online\/?s={search_term_string}\"},\"query-input\":{\"@type\":\"PropertyValueSpecification\",\"valueRequired\":true,\"valueName\":\"search_term_string\"}}],\"inLanguage\":\"es\"},{\"@type\":\"Organization\",\"@id\":\"https:\/\/jornalemfoco.online\/#organization\",\"name\":\"jornalemfoco.online\",\"url\":\"https:\/\/jornalemfoco.online\/\",\"logo\":{\"@type\":\"ImageObject\",\"inLanguage\":\"es\",\"@id\":\"https:\/\/jornalemfoco.online\/#\/schema\/logo\/image\/\",\"url\":\"https:\/\/jornalemfoco.online\/wp-content\/uploads\/2023\/07\/LOGO.png\",\"contentUrl\":\"https:\/\/jornalemfoco.online\/wp-content\/uploads\/2023\/07\/LOGO.png\",\"width\":3334,\"height\":1072,\"caption\":\"jornalemfoco.online\"},\"image\":{\"@id\":\"https:\/\/jornalemfoco.online\/#\/schema\/logo\/image\/\"}}]}<\/script>\n<!-- \/ Yoast SEO plugin. -->","yoast_head_json":{"title":"Politica de Cookies - jornalemfoco.online","robots":{"index":"index","follow":"follow","max-snippet":"max-snippet:-1","max-image-preview":"max-image-preview:large","max-video-preview":"max-video-preview:-1"},"canonical":"https:\/\/jornalemfoco.online\/es_mx\/politica-de-cookies\/","og_locale":"es_MX","og_type":"article","og_title":"Politica de Cookies - jornalemfoco.online","og_description":"Sobre esta pol\u00edtica de cookies Esta Pol\u00edtica de Cookies explica o que s\u00e3o cookies e como os usamos, os tipos de cookies que usamos, ou seja, as informa\u00e7\u00f5es que coletamos usando cookies e como essas informa\u00e7\u00f5es s\u00e3o usadas e como controlar as prefer\u00eancias de cookies. Para obter mais informa\u00e7\u00f5es sobre como usamos, armazenamos e mantemos ... Continue lendo...","og_url":"https:\/\/jornalemfoco.online\/es_mx\/politica-de-cookies\/","og_site_name":"jornalemfoco.online","article_modified_time":"2021-01-13T18:31:24+00:00","twitter_card":"summary_large_image","twitter_misc":{"Tiempo de lectura":"3 minutos"},"schema":{"@context":"https:\/\/schema.org","@graph":[{"@type":"WebPage","@id":"https:\/\/jornalemfoco.online\/politica-de-cookies\/","url":"https:\/\/jornalemfoco.online\/politica-de-cookies\/","name":"Politica de Cookies - jornalemfoco.online","isPartOf":{"@id":"https:\/\/jornalemfoco.online\/#website"},"datePublished":"2021-01-08T13:28:21+00:00","dateModified":"2021-01-13T18:31:24+00:00","breadcrumb":{"@id":"https:\/\/jornalemfoco.online\/politica-de-cookies\/#breadcrumb"},"inLanguage":"es","potentialAction":[{"@type":"ReadAction","target":["https:\/\/jornalemfoco.online\/politica-de-cookies\/"]}]},{"@type":"BreadcrumbList","@id":"https:\/\/jornalemfoco.online\/politica-de-cookies\/#breadcrumb","itemListElement":[{"@type":"ListItem","position":1,"name":"In\u00edcio","item":"https:\/\/jornalemfoco.online\/"},{"@type":"ListItem","position":2,"name":"Politica de Cookies"}]},{"@type":"WebSite","@id":"https:\/\/jornalemfoco.online\/#website","url":"https:\/\/jornalemfoco.online\/","name":"jornalemfoco.online","description":"","publisher":{"@id":"https:\/\/jornalemfoco.online\/#organization"},"potentialAction":[{"@type":"SearchAction","target":{"@type":"EntryPoint","urlTemplate":"https:\/\/jornalemfoco.online\/?s={search_term_string}"},"query-input":{"@type":"PropertyValueSpecification","valueRequired":true,"valueName":"search_term_string"}}],"inLanguage":"es"},{"@type":"Organization","@id":"https:\/\/jornalemfoco.online\/#organization","name":"jornalemfoco.online","url":"https:\/\/jornalemfoco.online\/","logo":{"@type":"ImageObject","inLanguage":"es","@id":"https:\/\/jornalemfoco.online\/#\/schema\/logo\/image\/","url":"https:\/\/jornalemfoco.online\/wp-content\/uploads\/2023\/07\/LOGO.png","contentUrl":"https:\/\/jornalemfoco.online\/wp-content\/uploads\/2023\/07\/LOGO.png","width":3334,"height":1072,"caption":"jornalemfoco.online"},"image":{"@id":"https:\/\/jornalemfoco.online\/#\/schema\/logo\/image\/"}}]}},"_links":{"self":[{"href":"https:\/\/jornalemfoco.online\/es_mx\/wp-json\/wp\/v2\/pages\/4098"}],"collection":[{"href":"https:\/\/jornalemfoco.online\/es_mx\/wp-json\/wp\/v2\/pages"}],"about":[{"href":"https:\/\/jornalemfoco.online\/es_mx\/wp-json\/wp\/v2\/types\/page"}],"author":[{"embeddable":true,"href":"https:\/\/jornalemfoco.online\/es_mx\/wp-json\/wp\/v2\/users\/78"}],"replies":[{"embeddable":true,"href":"https:\/\/jornalemfoco.online\/es_mx\/wp-json\/wp\/v2\/comments?post=4098"}],"version-history":[{"count":0,"href":"https:\/\/jornalemfoco.online\/es_mx\/wp-json\/wp\/v2\/pages\/4098\/revisions"}],"wp:attachment":[{"href":"https:\/\/jornalemfoco.online\/es_mx\/wp-json\/wp\/v2\/media?parent=4098"}],"curies":[{"name":"wp","href":"https:\/\/api.w.org\/{rel}","templated":true}]}}