{"id":4098,"date":"2021-01-08T13:28:21","date_gmt":"2021-01-08T13:28:21","guid":{"rendered":"https:\/\/jornalemfoco.online\/?page_id=4098"},"modified":"2021-01-13T15:31:24","modified_gmt":"2021-01-13T18:31:24","slug":"politica-de-cookies","status":"publish","type":"page","link":"https:\/\/jornalemfoco.online\/en\/politica-de-cookies\/","title":{"rendered":"Cookies Policy"},"content":{"rendered":"<div class=\"cli_pg_page_contaner\">\n<h3>About this cookie policy<\/h3>\n<div>\n<p>This Cookies Policy explains what cookies are and how we use them, the types of cookies we use, i.e. the information we collect using cookies and how this information is used, and how to control cookie preferences. For more information about how we use, store and keep your personal data secure, please see our <a href=\"https:\/\/jornalemfoco.online\/en\/politica-de-privacidade\/\">Privacy Policy<\/a>.<\/p>\n<p>Your consent applies to the following domains:<span style=\"color: #3366ff;\"> Jornalemfoco.online<\/span><\/p>\n<\/div>\n<h3>What are cookies?<\/h3>\n<div>Cookies are small text files used to store small pieces of information. They are stored on your device when the website is loaded in your browser. These cookies help us make the website work properly, make it more secure, provide a better user experience and understand how the website performs and analyze what works and where it needs improvement. This small file will be stored on your computer until it expires.<\/div>\n<h3>How do we use cookies?<\/h3>\n<div>Like most online services, our website uses first-party and third-party cookies for various purposes.<\/div>\n<div><\/div>\n<div>You <strong>first-party cookies<\/strong> are primarily necessary for the website to function properly and do not collect any of your personally identifiable data. Some cookies will be placed on your device directly by our website \u2013 these are known as\u00a0<strong>first-party cookies<\/strong>. They are essential for you to navigate the website and use its features.<\/div>\n<div><\/div>\n<div>You <strong>third-party cookies<\/strong> used on our website are mainly for understanding how the website works, how you interact with our website, keeping our services secure, providing advertisements that are relevant to you and, in short, enabling you to be a better user by improving your experience and help speed up your future interactions with our website. These cookies are placed on your device not by the website you are visiting, but <strong>by third parties<\/strong>, such as, for example, analytical systems.<\/div>\n<h3>What types of cookies do we use?<\/h3>\n<div>\n<p><strong>Essential:<\/strong> Some cookies are essential so that you can experience the full functionality of our website. They allow us to maintain user sessions and prevent any security threats. They do not collect or store any personal information. For example, these cookies allow you to log in to your account, add products to your basket and checkout securely.<\/p>\n<p><strong>Statistics:<\/strong> These cookies store information such as the number of visitors to the website, the number of unique visitors, which pages of the website were visited, the origin of the visit, etc. This data helps us understand and analyze how the website is performing and where it needs improvement.<\/p>\n<p><strong>Marketing:<\/strong> Our website displays advertisements. These cookies are used to personalize the advertisements we show you so that they are meaningful. These cookies also help us track the effectiveness of these advertising campaigns.<\/p>\n<p>The information stored in these cookies may also be used by third-party ad providers to display advertisements on other websites in the browser as well.<\/p>\n<p><strong>Functional:<\/strong> These are cookies that support certain non-essential functionalities on our website. These functionalities include embedding content such as videos or sharing website content on social media platforms.<\/p>\n<p><strong>Preferences:<\/strong> These cookies help us store your browsing settings and preferences, such as language preferences, so that you have a better and efficient experience on future visits to the website.<\/p>\n<\/div>\n<h3>How can I control cookie preferences?<\/h3>\n<p>If you decide to change your preferences later during your browsing session, you can disable them by changing your browser settings, <strong>but be aware that this may affect the functioning of the website<\/strong>. Additionally, different browsers provide different methods for blocking and\/or deleting cookies used by the website. You can change your browser settings to block or delete cookies. To learn more about managing and deleting cookies, visit:<\/p>\n<div><a href=\"https:\/\/support.google.com\/chrome\/answer\/95647?co=GENIE.Platform%3DDesktop&amp;hl=pt-BR\" target=\"_blank\" rel=\"noopener\">Chrome<\/a><\/div>\n<div><\/div>\n<div><a href=\"https:\/\/support.mozilla.org\/pt-BR\/kb\/desative-cookies-terceiros-impedir-rastreamento\" target=\"_blank\" rel=\"noopener\">Firefox<\/a><\/div>\n<div><\/div>\n<div><a href=\"https:\/\/support.microsoft.com\/pt-br\/help\/4027947\/microsoft-edge-delete-cookies\" target=\"_blank\" rel=\"noopener\">Microsoft Edge<\/a><\/div>\n<div><\/div>\n<div><a href=\"https:\/\/support.microsoft.com\/pt-br\/help\/17442\/windows-internet-explorer-delete-manage-cookies\" target=\"_blank\" rel=\"noopener\">Internet Explorer<\/a><\/div>\n<\/div>\n<div><\/div>\n<div><\/div>\n<div><\/div>\n<p>&nbsp;<\/p>\n<div>If you want to know more information about the third-party cookies we use, visit the link below:<\/div>\n<p>&nbsp;<\/p>\n<div><a href=\"https:\/\/policies.google.com\/technologies\/cookies\" target=\"_blank\" rel=\"noopener\">Google Analytics<\/a><\/div>","protected":false},"excerpt":{"rendered":"<p>About this cookie policy This Cookies Policy explains what cookies are and how we use them, the types of cookies we use, i.e. the information we collect using cookies and how this information is used, and how to control cookie preferences. For more information about how we use, store and maintain\u2026 <a title=\"Cookies Policy\" class=\"read-more\" href=\"https:\/\/jornalemfoco.online\/en\/politica-de-cookies\/\" aria-label=\"Read more about Cookies Policy\">Keep reading\u2026<\/a><\/p>","protected":false},"author":78,"featured_media":0,"parent":0,"menu_order":0,"comment_status":"closed","ping_status":"closed","template":"","meta":{"_acf_changed":false,"footnotes":""},"acf":[],"yoast_head":"<!-- This site is optimized with the Yoast SEO plugin v24.2 - https:\/\/yoast.com\/wordpress\/plugins\/seo\/ -->\n<title>Politica de Cookies - jornalemfoco.online<\/title>\n<meta name=\"robots\" content=\"index, follow, max-snippet:-1, max-image-preview:large, max-video-preview:-1\" \/>\n<link rel=\"canonical\" href=\"https:\/\/jornalemfoco.online\/en\/politica-de-cookies\/\" \/>\n<meta property=\"og:locale\" content=\"en_US\" \/>\n<meta property=\"og:type\" content=\"article\" \/>\n<meta property=\"og:title\" content=\"Politica de Cookies - jornalemfoco.online\" \/>\n<meta property=\"og:description\" content=\"Sobre esta pol\u00edtica de cookies Esta Pol\u00edtica de Cookies explica o que s\u00e3o cookies e como os usamos, os tipos de cookies que usamos, ou seja, as informa\u00e7\u00f5es que coletamos usando cookies e como essas informa\u00e7\u00f5es s\u00e3o usadas e como controlar as prefer\u00eancias de cookies. Para obter mais informa\u00e7\u00f5es sobre como usamos, armazenamos e mantemos ... Continue lendo...\" \/>\n<meta property=\"og:url\" content=\"https:\/\/jornalemfoco.online\/en\/politica-de-cookies\/\" \/>\n<meta property=\"og:site_name\" content=\"jornalemfoco.online\" \/>\n<meta property=\"article:modified_time\" content=\"2021-01-13T18:31:24+00:00\" \/>\n<meta name=\"twitter:card\" content=\"summary_large_image\" \/>\n<meta name=\"twitter:label1\" content=\"Est. reading time\" \/>\n\t<meta name=\"twitter:data1\" content=\"3 minutes\" \/>\n<script type=\"application\/ld+json\" class=\"yoast-schema-graph\">{\"@context\":\"https:\/\/schema.org\",\"@graph\":[{\"@type\":\"WebPage\",\"@id\":\"https:\/\/jornalemfoco.online\/politica-de-cookies\/\",\"url\":\"https:\/\/jornalemfoco.online\/politica-de-cookies\/\",\"name\":\"Politica de Cookies - jornalemfoco.online\",\"isPartOf\":{\"@id\":\"https:\/\/jornalemfoco.online\/#website\"},\"datePublished\":\"2021-01-08T13:28:21+00:00\",\"dateModified\":\"2021-01-13T18:31:24+00:00\",\"breadcrumb\":{\"@id\":\"https:\/\/jornalemfoco.online\/politica-de-cookies\/#breadcrumb\"},\"inLanguage\":\"en-US\",\"potentialAction\":[{\"@type\":\"ReadAction\",\"target\":[\"https:\/\/jornalemfoco.online\/politica-de-cookies\/\"]}]},{\"@type\":\"BreadcrumbList\",\"@id\":\"https:\/\/jornalemfoco.online\/politica-de-cookies\/#breadcrumb\",\"itemListElement\":[{\"@type\":\"ListItem\",\"position\":1,\"name\":\"In\u00edcio\",\"item\":\"https:\/\/jornalemfoco.online\/\"},{\"@type\":\"ListItem\",\"position\":2,\"name\":\"Politica de Cookies\"}]},{\"@type\":\"WebSite\",\"@id\":\"https:\/\/jornalemfoco.online\/#website\",\"url\":\"https:\/\/jornalemfoco.online\/\",\"name\":\"jornalemfoco.online\",\"description\":\"\",\"publisher\":{\"@id\":\"https:\/\/jornalemfoco.online\/#organization\"},\"potentialAction\":[{\"@type\":\"SearchAction\",\"target\":{\"@type\":\"EntryPoint\",\"urlTemplate\":\"https:\/\/jornalemfoco.online\/?s={search_term_string}\"},\"query-input\":{\"@type\":\"PropertyValueSpecification\",\"valueRequired\":true,\"valueName\":\"search_term_string\"}}],\"inLanguage\":\"en-US\"},{\"@type\":\"Organization\",\"@id\":\"https:\/\/jornalemfoco.online\/#organization\",\"name\":\"jornalemfoco.online\",\"url\":\"https:\/\/jornalemfoco.online\/\",\"logo\":{\"@type\":\"ImageObject\",\"inLanguage\":\"en-US\",\"@id\":\"https:\/\/jornalemfoco.online\/#\/schema\/logo\/image\/\",\"url\":\"https:\/\/jornalemfoco.online\/wp-content\/uploads\/2023\/07\/LOGO.png\",\"contentUrl\":\"https:\/\/jornalemfoco.online\/wp-content\/uploads\/2023\/07\/LOGO.png\",\"width\":3334,\"height\":1072,\"caption\":\"jornalemfoco.online\"},\"image\":{\"@id\":\"https:\/\/jornalemfoco.online\/#\/schema\/logo\/image\/\"}}]}<\/script>\n<!-- \/ Yoast SEO plugin. -->","yoast_head_json":{"title":"Politica de Cookies - jornalemfoco.online","robots":{"index":"index","follow":"follow","max-snippet":"max-snippet:-1","max-image-preview":"max-image-preview:large","max-video-preview":"max-video-preview:-1"},"canonical":"https:\/\/jornalemfoco.online\/en\/politica-de-cookies\/","og_locale":"en_US","og_type":"article","og_title":"Politica de Cookies - jornalemfoco.online","og_description":"Sobre esta pol\u00edtica de cookies Esta Pol\u00edtica de Cookies explica o que s\u00e3o cookies e como os usamos, os tipos de cookies que usamos, ou seja, as informa\u00e7\u00f5es que coletamos usando cookies e como essas informa\u00e7\u00f5es s\u00e3o usadas e como controlar as prefer\u00eancias de cookies. Para obter mais informa\u00e7\u00f5es sobre como usamos, armazenamos e mantemos ... Continue lendo...","og_url":"https:\/\/jornalemfoco.online\/en\/politica-de-cookies\/","og_site_name":"jornalemfoco.online","article_modified_time":"2021-01-13T18:31:24+00:00","twitter_card":"summary_large_image","twitter_misc":{"Est. reading time":"3 minutes"},"schema":{"@context":"https:\/\/schema.org","@graph":[{"@type":"WebPage","@id":"https:\/\/jornalemfoco.online\/politica-de-cookies\/","url":"https:\/\/jornalemfoco.online\/politica-de-cookies\/","name":"Politica de Cookies - jornalemfoco.online","isPartOf":{"@id":"https:\/\/jornalemfoco.online\/#website"},"datePublished":"2021-01-08T13:28:21+00:00","dateModified":"2021-01-13T18:31:24+00:00","breadcrumb":{"@id":"https:\/\/jornalemfoco.online\/politica-de-cookies\/#breadcrumb"},"inLanguage":"en-US","potentialAction":[{"@type":"ReadAction","target":["https:\/\/jornalemfoco.online\/politica-de-cookies\/"]}]},{"@type":"BreadcrumbList","@id":"https:\/\/jornalemfoco.online\/politica-de-cookies\/#breadcrumb","itemListElement":[{"@type":"ListItem","position":1,"name":"In\u00edcio","item":"https:\/\/jornalemfoco.online\/"},{"@type":"ListItem","position":2,"name":"Politica de Cookies"}]},{"@type":"WebSite","@id":"https:\/\/jornalemfoco.online\/#website","url":"https:\/\/jornalemfoco.online\/","name":"jornalemfoco.online","description":"","publisher":{"@id":"https:\/\/jornalemfoco.online\/#organization"},"potentialAction":[{"@type":"SearchAction","target":{"@type":"EntryPoint","urlTemplate":"https:\/\/jornalemfoco.online\/?s={search_term_string}"},"query-input":{"@type":"PropertyValueSpecification","valueRequired":true,"valueName":"search_term_string"}}],"inLanguage":"en-US"},{"@type":"Organization","@id":"https:\/\/jornalemfoco.online\/#organization","name":"jornalemfoco.online","url":"https:\/\/jornalemfoco.online\/","logo":{"@type":"ImageObject","inLanguage":"en-US","@id":"https:\/\/jornalemfoco.online\/#\/schema\/logo\/image\/","url":"https:\/\/jornalemfoco.online\/wp-content\/uploads\/2023\/07\/LOGO.png","contentUrl":"https:\/\/jornalemfoco.online\/wp-content\/uploads\/2023\/07\/LOGO.png","width":3334,"height":1072,"caption":"jornalemfoco.online"},"image":{"@id":"https:\/\/jornalemfoco.online\/#\/schema\/logo\/image\/"}}]}},"_links":{"self":[{"href":"https:\/\/jornalemfoco.online\/en\/wp-json\/wp\/v2\/pages\/4098"}],"collection":[{"href":"https:\/\/jornalemfoco.online\/en\/wp-json\/wp\/v2\/pages"}],"about":[{"href":"https:\/\/jornalemfoco.online\/en\/wp-json\/wp\/v2\/types\/page"}],"author":[{"embeddable":true,"href":"https:\/\/jornalemfoco.online\/en\/wp-json\/wp\/v2\/users\/78"}],"replies":[{"embeddable":true,"href":"https:\/\/jornalemfoco.online\/en\/wp-json\/wp\/v2\/comments?post=4098"}],"version-history":[{"count":0,"href":"https:\/\/jornalemfoco.online\/en\/wp-json\/wp\/v2\/pages\/4098\/revisions"}],"wp:attachment":[{"href":"https:\/\/jornalemfoco.online\/en\/wp-json\/wp\/v2\/media?parent=4098"}],"curies":[{"name":"wp","href":"https:\/\/api.w.org\/{rel}","templated":true}]}}