{"id":4098,"date":"2021-01-08T13:28:21","date_gmt":"2021-01-08T13:28:21","guid":{"rendered":"https:\/\/jornalemfoco.online\/?page_id=4098"},"modified":"2021-01-13T15:31:24","modified_gmt":"2021-01-13T18:31:24","slug":"politica-de-cookies","status":"publish","type":"page","link":"https:\/\/jornalemfoco.online\/de\/politica-de-cookies\/","title":{"rendered":"Cookie-Richtlinie"},"content":{"rendered":"<div class=\"cli_pg_page_contaner\">\n<h3>\u00dcber diese Cookie-Richtlinie<\/h3>\n<div>\n<p>In dieser Cookie-Richtlinie wird erkl\u00e4rt, was Cookies sind und wie wir sie verwenden, welche Arten von Cookies wir verwenden, d. h. welche Informationen wir mithilfe von Cookies sammeln und wie diese Informationen verwendet werden, und wie wir die Cookie-Einstellungen steuern k\u00f6nnen. Weitere Informationen dar\u00fcber, wie wir Ihre personenbezogenen Daten verwenden, speichern und sch\u00fctzen, finden Sie in unserem <a href=\"https:\/\/jornalemfoco.online\/de\/politica-de-privacidade\/\">Datenschutzrichtlinie<\/a>.<\/p>\n<p>Ihre Einwilligung gilt f\u00fcr folgende Domains:<span style=\"color: #3366ff;\"> Jornalemfoco.online<\/span><\/p>\n<\/div>\n<h3>Was sind Cookies?<\/h3>\n<div>Cookies sind kleine Textdateien, die dazu dienen, kleine Informationen zu speichern. Sie werden auf Ihrem Ger\u00e4t gespeichert, wenn die Website in Ihrem Browser geladen wird. Diese Cookies helfen uns, die Website ordnungsgem\u00e4\u00df zu funktionieren, sie sicherer zu machen, ein besseres Benutzererlebnis zu bieten und zu verstehen, wie die Website funktioniert, und zu analysieren, was funktioniert und wo Verbesserungen erforderlich sind. Diese kleine Datei wird auf Ihrem Computer gespeichert, bis sie abl\u00e4uft.<\/div>\n<h3>Wie verwenden wir Cookies?<\/h3>\n<div>Wie die meisten Online-Dienste verwendet unsere Website f\u00fcr verschiedene Zwecke Erst- und Drittanbieter-Cookies.<\/div>\n<div><\/div>\n<div>Du <strong>Erstanbieter-Cookies<\/strong> sind in erster Linie f\u00fcr die ordnungsgem\u00e4\u00dfe Funktion der Website erforderlich und erheben keine personenbezogenen Daten von Ihnen. Einige Cookies werden direkt von unserer Website auf Ihrem Ger\u00e4t platziert \u2013 diese werden als \u201eCookies\u201c bezeichnet\u00a0<strong>Erstanbieter-Cookies<\/strong>. Sie sind f\u00fcr die Navigation auf der Website und die Nutzung ihrer Funktionen unerl\u00e4sslich.<\/div>\n<div><\/div>\n<div>Du <strong>Cookies von Drittanbietern<\/strong> Die auf unserer Website verwendeten Cookies dienen haupts\u00e4chlich dazu, zu verstehen, wie die Website funktioniert, wie Sie mit unserer Website interagieren, die Sicherheit unserer Dienste zu gew\u00e4hrleisten, f\u00fcr Sie relevante Werbung bereitzustellen und, kurz gesagt, Ihnen zu erm\u00f6glichen, ein besserer Benutzer zu sein, indem Ihre Erfahrung und Hilfe verbessert werden Beschleunigen Sie Ihre zuk\u00fcnftigen Interaktionen mit unserer Website. Diese Cookies werden nicht von der Website, die Sie besuchen, auf Ihrem Ger\u00e4t platziert, sondern <strong>durch Dritte<\/strong>, wie zum Beispiel analytische Systeme.<\/div>\n<h3>Welche Arten von Cookies verwenden wir?<\/h3>\n<div>\n<p><strong>Essentiell:<\/strong> Einige Cookies sind unbedingt erforderlich, damit Sie die volle Funktionalit\u00e4t unserer Website nutzen k\u00f6nnen. Sie erm\u00f6glichen es uns, Benutzersitzungen aufrechtzuerhalten und Sicherheitsbedrohungen zu verhindern. Sie erheben oder speichern keine personenbezogenen Daten. Diese Cookies erm\u00f6glichen es Ihnen beispielsweise, sich bei Ihrem Konto anzumelden, Produkte in Ihren Warenkorb zu legen und sicher zur Kasse zu gehen.<\/p>\n<p><strong>Statistiken:<\/strong> Diese Cookies speichern Informationen wie die Anzahl der Besucher der Website, die Anzahl der einzelnen Besucher, welche Seiten der Website besucht wurden, den Ursprung des Besuchs usw. Diese Daten helfen uns zu verstehen und zu analysieren, wie die Website funktioniert und wo Verbesserungen erforderlich sind.<\/p>\n<p><strong>Marketing:<\/strong> Auf unserer Website werden Werbeanzeigen geschaltet. Diese Cookies werden verwendet, um die Werbung, die wir Ihnen zeigen, so zu personalisieren, dass sie aussagekr\u00e4ftig ist. Diese Cookies helfen uns auch dabei, die Wirksamkeit dieser Werbekampagnen zu verfolgen.<\/p>\n<p>Die in diesen Cookies gespeicherten Informationen k\u00f6nnen auch von Drittanbietern von Werbeanzeigen verwendet werden, um auch Werbung auf anderen Websites im Browser anzuzeigen.<\/p>\n<p><strong>Funktionell:<\/strong> Hierbei handelt es sich um Cookies, die bestimmte nicht wesentliche Funktionen unserer Website unterst\u00fctzen. Zu diesen Funktionalit\u00e4ten geh\u00f6ren das Einbetten von Inhalten wie Videos oder das Teilen von Website-Inhalten auf Social-Media-Plattformen.<\/p>\n<p><strong>Pr\u00e4ferenzen:<\/strong> Diese Cookies helfen uns, Ihre Browsereinstellungen und -pr\u00e4ferenzen, wie z. B. Spracheinstellungen, zu speichern, damit Sie bei zuk\u00fcnftigen Besuchen der Website ein besseres und effizienteres Erlebnis haben.<\/p>\n<\/div>\n<h3>Wie kann ich die Cookie-Einstellungen steuern?<\/h3>\n<p>Wenn Sie Ihre Pr\u00e4ferenzen sp\u00e4ter w\u00e4hrend Ihrer Browsersitzung \u00e4ndern m\u00f6chten, k\u00f6nnen Sie diese deaktivieren, indem Sie Ihre Browsereinstellungen \u00e4ndern. <strong>Beachten Sie jedoch, dass dies die Funktionsf\u00e4higkeit der Website beeintr\u00e4chtigen kann<\/strong>. Dar\u00fcber hinaus bieten verschiedene Browser unterschiedliche Methoden zum Blockieren und\/oder L\u00f6schen der von der Website verwendeten Cookies. Sie k\u00f6nnen Ihre Browsereinstellungen \u00e4ndern, um Cookies zu blockieren oder zu l\u00f6schen. Weitere Informationen zum Verwalten und L\u00f6schen von Cookies finden Sie unter:<\/p>\n<div><a href=\"https:\/\/support.google.com\/chrome\/answer\/95647?co=GENIE.Platform%3DDesktop&amp;hl=pt-BR\" target=\"_blank\" rel=\"noopener\">Chrom<\/a><\/div>\n<div><\/div>\n<div><a href=\"https:\/\/support.mozilla.org\/pt-BR\/kb\/desative-cookies-terceiros-impedir-rastreamento\" target=\"_blank\" rel=\"noopener\">Feuerfuchs<\/a><\/div>\n<div><\/div>\n<div><a href=\"https:\/\/support.microsoft.com\/pt-br\/help\/4027947\/microsoft-edge-delete-cookies\" target=\"_blank\" rel=\"noopener\">Microsoft Edge<\/a><\/div>\n<div><\/div>\n<div><a href=\"https:\/\/support.microsoft.com\/pt-br\/help\/17442\/windows-internet-explorer-delete-manage-cookies\" target=\"_blank\" rel=\"noopener\">Internet Explorer<\/a><\/div>\n<\/div>\n<div><\/div>\n<div><\/div>\n<div><\/div>\n<p>&nbsp;<\/p>\n<div>Wenn Sie weitere Informationen \u00fcber die von uns verwendeten Cookies von Drittanbietern erfahren m\u00f6chten, klicken Sie auf den folgenden Link:<\/div>\n<p>&nbsp;<\/p>\n<div><a href=\"https:\/\/policies.google.com\/technologies\/cookies\" target=\"_blank\" rel=\"noopener\">Google Analytics<\/a><\/div>","protected":false},"excerpt":{"rendered":"<p>\u00dcber diese Cookie-Richtlinie Diese Cookie-Richtlinie erkl\u00e4rt, was Cookies sind und wie wir sie verwenden, welche Arten von Cookies wir verwenden, d. h. welche Informationen wir mithilfe von Cookies sammeln und wie diese Informationen verwendet werden, und wie wir Cookie-Einstellungen steuern k\u00f6nnen. Weitere Informationen dar\u00fcber, wie wir unsere Daten nutzen, speichern und pflegen \u2026 <a title=\"Cookie-Richtlinie\" class=\"read-more\" href=\"https:\/\/jornalemfoco.online\/de\/politica-de-cookies\/\" aria-label=\"Weitere Informationen zur Cookie-Richtlinie\">Weiter lesen\u2026<\/a><\/p>","protected":false},"author":78,"featured_media":0,"parent":0,"menu_order":0,"comment_status":"closed","ping_status":"closed","template":"","meta":{"_acf_changed":false,"footnotes":""},"acf":[],"yoast_head":"<!-- This site is optimized with the Yoast SEO plugin v24.2 - https:\/\/yoast.com\/wordpress\/plugins\/seo\/ -->\n<title>Politica de Cookies - jornalemfoco.online<\/title>\n<meta name=\"robots\" content=\"index, follow, max-snippet:-1, max-image-preview:large, max-video-preview:-1\" \/>\n<link rel=\"canonical\" href=\"https:\/\/jornalemfoco.online\/de\/politica-de-cookies\/\" \/>\n<meta property=\"og:locale\" content=\"de_DE\" \/>\n<meta property=\"og:type\" content=\"article\" \/>\n<meta property=\"og:title\" content=\"Politica de Cookies - jornalemfoco.online\" \/>\n<meta property=\"og:description\" content=\"Sobre esta pol\u00edtica de cookies Esta Pol\u00edtica de Cookies explica o que s\u00e3o cookies e como os usamos, os tipos de cookies que usamos, ou seja, as informa\u00e7\u00f5es que coletamos usando cookies e como essas informa\u00e7\u00f5es s\u00e3o usadas e como controlar as prefer\u00eancias de cookies. Para obter mais informa\u00e7\u00f5es sobre como usamos, armazenamos e mantemos ... Continue lendo...\" \/>\n<meta property=\"og:url\" content=\"https:\/\/jornalemfoco.online\/de\/politica-de-cookies\/\" \/>\n<meta property=\"og:site_name\" content=\"jornalemfoco.online\" \/>\n<meta property=\"article:modified_time\" content=\"2021-01-13T18:31:24+00:00\" \/>\n<meta name=\"twitter:card\" content=\"summary_large_image\" \/>\n<meta name=\"twitter:label1\" content=\"Gesch\u00e4tzte Lesezeit\" \/>\n\t<meta name=\"twitter:data1\" content=\"3\u00a0Minuten\" \/>\n<script type=\"application\/ld+json\" class=\"yoast-schema-graph\">{\"@context\":\"https:\/\/schema.org\",\"@graph\":[{\"@type\":\"WebPage\",\"@id\":\"https:\/\/jornalemfoco.online\/politica-de-cookies\/\",\"url\":\"https:\/\/jornalemfoco.online\/politica-de-cookies\/\",\"name\":\"Politica de Cookies - jornalemfoco.online\",\"isPartOf\":{\"@id\":\"https:\/\/jornalemfoco.online\/#website\"},\"datePublished\":\"2021-01-08T13:28:21+00:00\",\"dateModified\":\"2021-01-13T18:31:24+00:00\",\"breadcrumb\":{\"@id\":\"https:\/\/jornalemfoco.online\/politica-de-cookies\/#breadcrumb\"},\"inLanguage\":\"de\",\"potentialAction\":[{\"@type\":\"ReadAction\",\"target\":[\"https:\/\/jornalemfoco.online\/politica-de-cookies\/\"]}]},{\"@type\":\"BreadcrumbList\",\"@id\":\"https:\/\/jornalemfoco.online\/politica-de-cookies\/#breadcrumb\",\"itemListElement\":[{\"@type\":\"ListItem\",\"position\":1,\"name\":\"In\u00edcio\",\"item\":\"https:\/\/jornalemfoco.online\/\"},{\"@type\":\"ListItem\",\"position\":2,\"name\":\"Politica de Cookies\"}]},{\"@type\":\"WebSite\",\"@id\":\"https:\/\/jornalemfoco.online\/#website\",\"url\":\"https:\/\/jornalemfoco.online\/\",\"name\":\"jornalemfoco.online\",\"description\":\"\",\"publisher\":{\"@id\":\"https:\/\/jornalemfoco.online\/#organization\"},\"potentialAction\":[{\"@type\":\"SearchAction\",\"target\":{\"@type\":\"EntryPoint\",\"urlTemplate\":\"https:\/\/jornalemfoco.online\/?s={search_term_string}\"},\"query-input\":{\"@type\":\"PropertyValueSpecification\",\"valueRequired\":true,\"valueName\":\"search_term_string\"}}],\"inLanguage\":\"de\"},{\"@type\":\"Organization\",\"@id\":\"https:\/\/jornalemfoco.online\/#organization\",\"name\":\"jornalemfoco.online\",\"url\":\"https:\/\/jornalemfoco.online\/\",\"logo\":{\"@type\":\"ImageObject\",\"inLanguage\":\"de\",\"@id\":\"https:\/\/jornalemfoco.online\/#\/schema\/logo\/image\/\",\"url\":\"https:\/\/jornalemfoco.online\/wp-content\/uploads\/2023\/07\/LOGO.png\",\"contentUrl\":\"https:\/\/jornalemfoco.online\/wp-content\/uploads\/2023\/07\/LOGO.png\",\"width\":3334,\"height\":1072,\"caption\":\"jornalemfoco.online\"},\"image\":{\"@id\":\"https:\/\/jornalemfoco.online\/#\/schema\/logo\/image\/\"}}]}<\/script>\n<!-- \/ Yoast SEO plugin. -->","yoast_head_json":{"title":"Politica de Cookies - jornalemfoco.online","robots":{"index":"index","follow":"follow","max-snippet":"max-snippet:-1","max-image-preview":"max-image-preview:large","max-video-preview":"max-video-preview:-1"},"canonical":"https:\/\/jornalemfoco.online\/de\/politica-de-cookies\/","og_locale":"de_DE","og_type":"article","og_title":"Politica de Cookies - jornalemfoco.online","og_description":"Sobre esta pol\u00edtica de cookies Esta Pol\u00edtica de Cookies explica o que s\u00e3o cookies e como os usamos, os tipos de cookies que usamos, ou seja, as informa\u00e7\u00f5es que coletamos usando cookies e como essas informa\u00e7\u00f5es s\u00e3o usadas e como controlar as prefer\u00eancias de cookies. Para obter mais informa\u00e7\u00f5es sobre como usamos, armazenamos e mantemos ... Continue lendo...","og_url":"https:\/\/jornalemfoco.online\/de\/politica-de-cookies\/","og_site_name":"jornalemfoco.online","article_modified_time":"2021-01-13T18:31:24+00:00","twitter_card":"summary_large_image","twitter_misc":{"Gesch\u00e4tzte Lesezeit":"3\u00a0Minuten"},"schema":{"@context":"https:\/\/schema.org","@graph":[{"@type":"WebPage","@id":"https:\/\/jornalemfoco.online\/politica-de-cookies\/","url":"https:\/\/jornalemfoco.online\/politica-de-cookies\/","name":"Politica de Cookies - jornalemfoco.online","isPartOf":{"@id":"https:\/\/jornalemfoco.online\/#website"},"datePublished":"2021-01-08T13:28:21+00:00","dateModified":"2021-01-13T18:31:24+00:00","breadcrumb":{"@id":"https:\/\/jornalemfoco.online\/politica-de-cookies\/#breadcrumb"},"inLanguage":"de","potentialAction":[{"@type":"ReadAction","target":["https:\/\/jornalemfoco.online\/politica-de-cookies\/"]}]},{"@type":"BreadcrumbList","@id":"https:\/\/jornalemfoco.online\/politica-de-cookies\/#breadcrumb","itemListElement":[{"@type":"ListItem","position":1,"name":"In\u00edcio","item":"https:\/\/jornalemfoco.online\/"},{"@type":"ListItem","position":2,"name":"Politica de Cookies"}]},{"@type":"WebSite","@id":"https:\/\/jornalemfoco.online\/#website","url":"https:\/\/jornalemfoco.online\/","name":"jornalemfoco.online","description":"","publisher":{"@id":"https:\/\/jornalemfoco.online\/#organization"},"potentialAction":[{"@type":"SearchAction","target":{"@type":"EntryPoint","urlTemplate":"https:\/\/jornalemfoco.online\/?s={search_term_string}"},"query-input":{"@type":"PropertyValueSpecification","valueRequired":true,"valueName":"search_term_string"}}],"inLanguage":"de"},{"@type":"Organization","@id":"https:\/\/jornalemfoco.online\/#organization","name":"jornalemfoco.online","url":"https:\/\/jornalemfoco.online\/","logo":{"@type":"ImageObject","inLanguage":"de","@id":"https:\/\/jornalemfoco.online\/#\/schema\/logo\/image\/","url":"https:\/\/jornalemfoco.online\/wp-content\/uploads\/2023\/07\/LOGO.png","contentUrl":"https:\/\/jornalemfoco.online\/wp-content\/uploads\/2023\/07\/LOGO.png","width":3334,"height":1072,"caption":"jornalemfoco.online"},"image":{"@id":"https:\/\/jornalemfoco.online\/#\/schema\/logo\/image\/"}}]}},"_links":{"self":[{"href":"https:\/\/jornalemfoco.online\/de\/wp-json\/wp\/v2\/pages\/4098"}],"collection":[{"href":"https:\/\/jornalemfoco.online\/de\/wp-json\/wp\/v2\/pages"}],"about":[{"href":"https:\/\/jornalemfoco.online\/de\/wp-json\/wp\/v2\/types\/page"}],"author":[{"embeddable":true,"href":"https:\/\/jornalemfoco.online\/de\/wp-json\/wp\/v2\/users\/78"}],"replies":[{"embeddable":true,"href":"https:\/\/jornalemfoco.online\/de\/wp-json\/wp\/v2\/comments?post=4098"}],"version-history":[{"count":0,"href":"https:\/\/jornalemfoco.online\/de\/wp-json\/wp\/v2\/pages\/4098\/revisions"}],"wp:attachment":[{"href":"https:\/\/jornalemfoco.online\/de\/wp-json\/wp\/v2\/media?parent=4098"}],"curies":[{"name":"wp","href":"https:\/\/api.w.org\/{rel}","templated":true}]}}