{"id":21040,"date":"2023-08-12T11:22:02","date_gmt":"2023-08-12T14:22:02","guid":{"rendered":"https:\/\/jornalemfoco.online\/?page_id=21040"},"modified":"2023-08-12T11:22:03","modified_gmt":"2023-08-12T14:22:03","slug":"sobre-nos","status":"publish","type":"page","link":"https:\/\/jornalemfoco.online\/de\/sobre-nos\/","title":{"rendered":"\u00dcber uns"},"content":{"rendered":"<p>\u00dcber JornalEmFoco<\/p>\n\n\n\n<p>Willkommen bei JornalEmFoco \u2013 Ihrer zuverl\u00e4ssigen und aktuellen Quelle f\u00fcr Nachrichten und Informationen. JornalEmFoco wurde mit der Mission gegr\u00fcndet, einen umfassenden und unparteiischen \u00dcberblick \u00fcber globale und lokale Ereignisse zu bieten. JornalEmFoco zeichnet sich als Plattform aus, deren Ziel es ist, die Leser zu informieren, zu inspirieren und zu engagieren.<\/p>\n\n\n\n<p>Unser Team aus erfahrenen und engagierten Journalisten ist bestrebt, unseren Lesern genaue Berichterstattung, tiefgreifende Analysen und wirkungsvolle Geschichten zu bieten. Wir glauben an die Bedeutung eines verantwortungsvollen und transparenten Journalismus als wesentliche S\u00e4ule der Demokratie und verpflichten uns, diese Grunds\u00e4tze in allen unseren Ver\u00f6ffentlichungen zu befolgen.<\/p>\n\n\n\n<p>Was wir anbieten:<\/p>\n\n\n\n<p>Nachrichten-Updates: Wir halten Sie \u00fcber die neuesten Ereignisse weltweit, national und lokal auf dem Laufenden. Unser Fokus liegt darauf, relevante und aktuelle Nachrichten zu liefern, damit Sie immer auf dem Laufenden sind, was um Sie herum passiert.<\/p>\n\n\n\n<p>Investigative Berichterstattung: Unser Engagement f\u00fcr investigativen Journalismus erm\u00f6glicht es uns, komplexe Themen zu untersuchen und wichtige Informationen aufzudecken, die das Leben der Menschen ver\u00e4ndern k\u00f6nnen.<\/p>\n\n\n\n<p>Eingehende Analyse: Zus\u00e4tzlich zu den Nachrichten bieten wir ausf\u00fchrliche Analysen zu aktuellen Themen und helfen Ihnen, die breiteren Zusammenh\u00e4nge und Auswirkungen hinter den Ereignissen zu verstehen.<\/p>\n\n\n\n<p>Themenvielfalt: Wir decken ein breites Themenspektrum ab, von Politik, Wirtschaft und Wissenschaft bis hin zu Kultur, Unterhaltung und Lifestyle. Unser Ziel ist es, einen umfassenden \u00dcberblick \u00fcber die Welt um uns herum zu bieten.<\/p>\n\n\n\n<p>Pluralit\u00e4t der Meinungen: Wir glauben an die Wichtigkeit, unterschiedliche Perspektiven anzuh\u00f6ren. Wir vertreten unterschiedliche Meinungen und Ansichten zu Themen und f\u00f6rdern so kritisches und konstruktives Denken.<\/p>\n\n\n\n<p>Engagierte Community: Wir sch\u00e4tzen die Beteiligung unserer Leser. Wir ermutigen zu Kommentaren, einer gesunden Debatte und einer konstruktiven Interaktion zu unseren Artikeln.<\/p>\n\n\n\n<p>JornalEmFoco ist mehr als ein Nachrichtenportal; ist eine Plattform, die Ihnen zuverl\u00e4ssige Informationen zur Verf\u00fcgung stellen soll, damit Sie in Ihrem Alltag fundierte Entscheidungen treffen k\u00f6nnen. Wir wissen es zu sch\u00e4tzen, dass Sie Teil unserer Community sind und freuen uns darauf, auch weiterhin Ihre vertrauensw\u00fcrdige Informations- und Inspirationsquelle zu sein.<\/p>\n\n\n\n<p>Kontakt:<\/p>\n\n\n\n<p>Wir sind immer offen f\u00fcr Ihr Feedback, Ihre Vorschl\u00e4ge und Ideen. Z\u00f6gern Sie nicht, uns \u00fcber unsere auf der Website verf\u00fcgbaren Kommunikationskan\u00e4le zu kontaktieren. Vielen Dank, dass Sie sich f\u00fcr JornalEmFoco als Informationsquelle entschieden haben.<\/p>\n\n\n\n<p>Dein,<\/p>\n\n\n\n<p>Das JornalEmFoco-Team<\/p>","protected":false},"excerpt":{"rendered":"<p>\u00dcber JornalEmFoco Willkommen bei JornalEmFoco \u2013 Ihrer zuverl\u00e4ssigen und aktuellen Quelle f\u00fcr Nachrichten und Informationen. JornalEmFoco wurde mit der Mission gegr\u00fcndet, einen umfassenden und unparteiischen \u00dcberblick \u00fcber globale und lokale Ereignisse zu bieten. JornalEmFoco zeichnet sich als Plattform aus, deren Ziel es ist, die Leser zu informieren, zu inspirieren und zu engagieren. Unser Team aus erfahrenen Journalisten und\u2026 <a title=\"\u00dcber uns\" class=\"read-more\" href=\"https:\/\/jornalemfoco.online\/de\/sobre-nos\/\" aria-label=\"Mehr Informationen \u00fcber \u00dcber uns\">Weiter lesen\u2026<\/a><\/p>","protected":false},"author":78,"featured_media":0,"parent":0,"menu_order":0,"comment_status":"closed","ping_status":"closed","template":"","meta":{"_acf_changed":false,"footnotes":""},"acf":[],"yoast_head":"<!-- This site is optimized with the Yoast SEO plugin v24.2 - https:\/\/yoast.com\/wordpress\/plugins\/seo\/ -->\n<title>Sobre N\u00f3s - jornalemfoco.online<\/title>\n<meta name=\"robots\" content=\"index, follow, max-snippet:-1, max-image-preview:large, max-video-preview:-1\" \/>\n<link rel=\"canonical\" href=\"https:\/\/jornalemfoco.online\/de\/sobre-nos\/\" \/>\n<meta property=\"og:locale\" content=\"de_DE\" \/>\n<meta property=\"og:type\" content=\"article\" \/>\n<meta property=\"og:title\" content=\"Sobre N\u00f3s - jornalemfoco.online\" \/>\n<meta property=\"og:description\" content=\"Sobre o JornalEmFoco Bem-vindo ao JornalEmFoco &#8211; a sua fonte confi\u00e1vel e atualizada de not\u00edcias e informa\u00e7\u00f5es. Fundado com a miss\u00e3o de oferecer um panorama abrangente e imparcial dos acontecimentos globais e locais, o JornalEmFoco se destaca como uma plataforma dedicada a manter os leitores informados, inspirados e engajados. Nossa equipe de jornalistas experientes e ... Continue lendo...\" \/>\n<meta property=\"og:url\" content=\"https:\/\/jornalemfoco.online\/de\/sobre-nos\/\" \/>\n<meta property=\"og:site_name\" content=\"jornalemfoco.online\" \/>\n<meta property=\"article:modified_time\" content=\"2023-08-12T14:22:03+00:00\" \/>\n<meta name=\"twitter:card\" content=\"summary_large_image\" \/>\n<meta name=\"twitter:label1\" content=\"Gesch\u00e4tzte Lesezeit\" \/>\n\t<meta name=\"twitter:data1\" content=\"2\u00a0Minuten\" \/>\n<script type=\"application\/ld+json\" class=\"yoast-schema-graph\">{\"@context\":\"https:\/\/schema.org\",\"@graph\":[{\"@type\":\"WebPage\",\"@id\":\"https:\/\/jornalemfoco.online\/sobre-nos\/\",\"url\":\"https:\/\/jornalemfoco.online\/sobre-nos\/\",\"name\":\"Sobre N\u00f3s - jornalemfoco.online\",\"isPartOf\":{\"@id\":\"https:\/\/jornalemfoco.online\/#website\"},\"datePublished\":\"2023-08-12T14:22:02+00:00\",\"dateModified\":\"2023-08-12T14:22:03+00:00\",\"breadcrumb\":{\"@id\":\"https:\/\/jornalemfoco.online\/sobre-nos\/#breadcrumb\"},\"inLanguage\":\"de\",\"potentialAction\":[{\"@type\":\"ReadAction\",\"target\":[\"https:\/\/jornalemfoco.online\/sobre-nos\/\"]}]},{\"@type\":\"BreadcrumbList\",\"@id\":\"https:\/\/jornalemfoco.online\/sobre-nos\/#breadcrumb\",\"itemListElement\":[{\"@type\":\"ListItem\",\"position\":1,\"name\":\"In\u00edcio\",\"item\":\"https:\/\/jornalemfoco.online\/\"},{\"@type\":\"ListItem\",\"position\":2,\"name\":\"Sobre N\u00f3s\"}]},{\"@type\":\"WebSite\",\"@id\":\"https:\/\/jornalemfoco.online\/#website\",\"url\":\"https:\/\/jornalemfoco.online\/\",\"name\":\"jornalemfoco.online\",\"description\":\"\",\"publisher\":{\"@id\":\"https:\/\/jornalemfoco.online\/#organization\"},\"potentialAction\":[{\"@type\":\"SearchAction\",\"target\":{\"@type\":\"EntryPoint\",\"urlTemplate\":\"https:\/\/jornalemfoco.online\/?s={search_term_string}\"},\"query-input\":{\"@type\":\"PropertyValueSpecification\",\"valueRequired\":true,\"valueName\":\"search_term_string\"}}],\"inLanguage\":\"de\"},{\"@type\":\"Organization\",\"@id\":\"https:\/\/jornalemfoco.online\/#organization\",\"name\":\"jornalemfoco.online\",\"url\":\"https:\/\/jornalemfoco.online\/\",\"logo\":{\"@type\":\"ImageObject\",\"inLanguage\":\"de\",\"@id\":\"https:\/\/jornalemfoco.online\/#\/schema\/logo\/image\/\",\"url\":\"https:\/\/jornalemfoco.online\/wp-content\/uploads\/2023\/07\/LOGO.png\",\"contentUrl\":\"https:\/\/jornalemfoco.online\/wp-content\/uploads\/2023\/07\/LOGO.png\",\"width\":3334,\"height\":1072,\"caption\":\"jornalemfoco.online\"},\"image\":{\"@id\":\"https:\/\/jornalemfoco.online\/#\/schema\/logo\/image\/\"}}]}<\/script>\n<!-- \/ Yoast SEO plugin. -->","yoast_head_json":{"title":"Sobre N\u00f3s - jornalemfoco.online","robots":{"index":"index","follow":"follow","max-snippet":"max-snippet:-1","max-image-preview":"max-image-preview:large","max-video-preview":"max-video-preview:-1"},"canonical":"https:\/\/jornalemfoco.online\/de\/sobre-nos\/","og_locale":"de_DE","og_type":"article","og_title":"Sobre N\u00f3s - jornalemfoco.online","og_description":"Sobre o JornalEmFoco Bem-vindo ao JornalEmFoco &#8211; a sua fonte confi\u00e1vel e atualizada de not\u00edcias e informa\u00e7\u00f5es. Fundado com a miss\u00e3o de oferecer um panorama abrangente e imparcial dos acontecimentos globais e locais, o JornalEmFoco se destaca como uma plataforma dedicada a manter os leitores informados, inspirados e engajados. Nossa equipe de jornalistas experientes e ... Continue lendo...","og_url":"https:\/\/jornalemfoco.online\/de\/sobre-nos\/","og_site_name":"jornalemfoco.online","article_modified_time":"2023-08-12T14:22:03+00:00","twitter_card":"summary_large_image","twitter_misc":{"Gesch\u00e4tzte Lesezeit":"2\u00a0Minuten"},"schema":{"@context":"https:\/\/schema.org","@graph":[{"@type":"WebPage","@id":"https:\/\/jornalemfoco.online\/sobre-nos\/","url":"https:\/\/jornalemfoco.online\/sobre-nos\/","name":"Sobre N\u00f3s - jornalemfoco.online","isPartOf":{"@id":"https:\/\/jornalemfoco.online\/#website"},"datePublished":"2023-08-12T14:22:02+00:00","dateModified":"2023-08-12T14:22:03+00:00","breadcrumb":{"@id":"https:\/\/jornalemfoco.online\/sobre-nos\/#breadcrumb"},"inLanguage":"de","potentialAction":[{"@type":"ReadAction","target":["https:\/\/jornalemfoco.online\/sobre-nos\/"]}]},{"@type":"BreadcrumbList","@id":"https:\/\/jornalemfoco.online\/sobre-nos\/#breadcrumb","itemListElement":[{"@type":"ListItem","position":1,"name":"In\u00edcio","item":"https:\/\/jornalemfoco.online\/"},{"@type":"ListItem","position":2,"name":"Sobre N\u00f3s"}]},{"@type":"WebSite","@id":"https:\/\/jornalemfoco.online\/#website","url":"https:\/\/jornalemfoco.online\/","name":"jornalemfoco.online","description":"","publisher":{"@id":"https:\/\/jornalemfoco.online\/#organization"},"potentialAction":[{"@type":"SearchAction","target":{"@type":"EntryPoint","urlTemplate":"https:\/\/jornalemfoco.online\/?s={search_term_string}"},"query-input":{"@type":"PropertyValueSpecification","valueRequired":true,"valueName":"search_term_string"}}],"inLanguage":"de"},{"@type":"Organization","@id":"https:\/\/jornalemfoco.online\/#organization","name":"jornalemfoco.online","url":"https:\/\/jornalemfoco.online\/","logo":{"@type":"ImageObject","inLanguage":"de","@id":"https:\/\/jornalemfoco.online\/#\/schema\/logo\/image\/","url":"https:\/\/jornalemfoco.online\/wp-content\/uploads\/2023\/07\/LOGO.png","contentUrl":"https:\/\/jornalemfoco.online\/wp-content\/uploads\/2023\/07\/LOGO.png","width":3334,"height":1072,"caption":"jornalemfoco.online"},"image":{"@id":"https:\/\/jornalemfoco.online\/#\/schema\/logo\/image\/"}}]}},"_links":{"self":[{"href":"https:\/\/jornalemfoco.online\/de\/wp-json\/wp\/v2\/pages\/21040"}],"collection":[{"href":"https:\/\/jornalemfoco.online\/de\/wp-json\/wp\/v2\/pages"}],"about":[{"href":"https:\/\/jornalemfoco.online\/de\/wp-json\/wp\/v2\/types\/page"}],"author":[{"embeddable":true,"href":"https:\/\/jornalemfoco.online\/de\/wp-json\/wp\/v2\/users\/78"}],"replies":[{"embeddable":true,"href":"https:\/\/jornalemfoco.online\/de\/wp-json\/wp\/v2\/comments?post=21040"}],"version-history":[{"count":0,"href":"https:\/\/jornalemfoco.online\/de\/wp-json\/wp\/v2\/pages\/21040\/revisions"}],"wp:attachment":[{"href":"https:\/\/jornalemfoco.online\/de\/wp-json\/wp\/v2\/media?parent=21040"}],"curies":[{"name":"wp","href":"https:\/\/api.w.org\/{rel}","templated":true}]}}